{"id":1708,"date":"2024-03-26T15:31:27","date_gmt":"2024-03-26T15:31:27","guid":{"rendered":"https:\/\/xtremebike.com.do\/?post_type=product&#038;p=1708"},"modified":"2024-03-26T20:01:46","modified_gmt":"2024-03-26T20:01:46","slug":"bh-spike-2-5","status":"publish","type":"product","link":"https:\/\/xtremebike.com.do\/?product=bh-spike-2-5","title":{"rendered":"BH SPIKE 2.5"},"content":{"rendered":"<div class=\"page\" title=\"Page 2\">\n<div class=\"section\">\n<div class=\"layoutArea\">\n<div class=\"column\">\n<p>\u2022 Cuadro de Aluminio, Aros 29,<\/p>\n<p>\u2022 Frenos de Discos Hidraulicos Shimano,<\/p>\n<p>\u2022 Suspensi\u00f3n SR Suntour XCM30 con bloqueo remoto. <\/p>\n<p>\u2022 Transmisi\u00f3n Shimano Deore 1&#215;11 SPD.<\/p>\n<\/div>\n<\/div>\n<\/div>\n<\/div>\n","protected":false},"excerpt":{"rendered":"<p>Una bicicleta rutera con la que disfrutar del MTB en toda su amplitud. Desde tus salidas de fin de semanas hasta la participaci\u00f3n en marchas, la BH Spike es la compa\u00f1era ideal con la que iniciarte en el mountainbike o continuar disfrutando de este deporte a tu propio ritmo.<\/p>\n<p>Su cuadro est\u00e1 fabricado en Alu 6061, garantizando un plus de rigidez.<\/p>\n<p>La geometr\u00eda y el dise\u00f1o dotan a la Spike de un rendimiento superior y un mayor confort en la marcha, proporcionando una enorme sensaci\u00f3n de respuesta. La mayor distancia entre ejes y su centro de gravedad m\u00e1s bajo aumentan la estabilidad y facilita poder franquear cualquier obst\u00e1culo en terrenos bacheados y pedregosos.<\/p>\n","protected":false},"featured_media":1702,"comment_status":"open","ping_status":"closed","template":"","meta":[],"product_cat":[58,39],"product_tag":[],"class_list":{"0":"post-1708","1":"product","2":"type-product","3":"status-publish","4":"has-post-thumbnail","6":"product_cat-bicicletas","7":"product_cat-montana","9":"first","10":"instock","11":"shipping-taxable","12":"purchasable","13":"product-type-simple"},"_links":{"self":[{"href":"https:\/\/xtremebike.com.do\/index.php?rest_route=\/wp\/v2\/product\/1708","targetHints":{"allow":["GET"]}}],"collection":[{"href":"https:\/\/xtremebike.com.do\/index.php?rest_route=\/wp\/v2\/product"}],"about":[{"href":"https:\/\/xtremebike.com.do\/index.php?rest_route=\/wp\/v2\/types\/product"}],"replies":[{"embeddable":true,"href":"https:\/\/xtremebike.com.do\/index.php?rest_route=%2Fwp%2Fv2%2Fcomments&post=1708"}],"wp:featuredmedia":[{"embeddable":true,"href":"https:\/\/xtremebike.com.do\/index.php?rest_route=\/wp\/v2\/media\/1702"}],"wp:attachment":[{"href":"https:\/\/xtremebike.com.do\/index.php?rest_route=%2Fwp%2Fv2%2Fmedia&parent=1708"}],"wp:term":[{"taxonomy":"product_cat","embeddable":true,"href":"https:\/\/xtremebike.com.do\/index.php?rest_route=%2Fwp%2Fv2%2Fproduct_cat&post=1708"},{"taxonomy":"product_tag","embeddable":true,"href":"https:\/\/xtremebike.com.do\/index.php?rest_route=%2Fwp%2Fv2%2Fproduct_tag&post=1708"}],"curies":[{"name":"wp","href":"https:\/\/api.w.org\/{rel}","templated":true}]}}