{"id":1710,"date":"2024-03-26T15:31:28","date_gmt":"2024-03-26T15:31:28","guid":{"rendered":"https:\/\/xtremebike.com.do\/?post_type=product&#038;p=1710"},"modified":"2024-03-26T20:07:48","modified_gmt":"2024-03-26T20:07:48","slug":"bh-expert-4-0","status":"publish","type":"product","link":"https:\/\/xtremebike.com.do\/?product=bh-expert-4-0","title":{"rendered":"BH EXPERT 4.0"},"content":{"rendered":"<div class=\"page\" title=\"Page 2\">\n<div class=\"section\">\n<div class=\"layoutArea\">\n<div class=\"column\">\n<p>\u2022 Cuadro de Aluminio<\/p>\n<p>\u2022 Aros 29<\/p>\n<p>\u2022 Frenos de Disco hidr\u00e1ulicos Shimano<\/p>\n<p>\u2022 Suspensi\u00f3n SR Suntour raidon de aire<\/p>\n<p>\u2022 Bloqueo Remoto<\/p>\n<p>\u2022 Transmisi\u00f3n Shimano Deore 1x12SPD<\/p>\n<\/div>\n<\/div>\n<\/div>\n<\/div>\n","protected":false},"excerpt":{"rendered":"<p>Una bicicleta con la que exprimirte a diario. La BH Expert es la opci\u00f3n para todos los usuarios que aman las carreras, que entrenan con puls\u00f3metro y que siempre que salen al monte lo hacen con ansias de superaci\u00f3n.<\/p>\n<p>El cuadro es de aluminio hidroformado y de espesores variables, alcanzando un peso de 1.600 gramos. Tiene cableado interno por el tubo diagonal, con funda completa desde maneta a cambio, para una m\u00e1xima protecci\u00f3n de cable.<\/p>\n<p>Dotada de una geometr\u00eda casi id\u00e9ntica a la del modelo BH Ultimate \u2014nuestro tope de gama XC. Es una bicicleta t\u00e9cnica en las bajadas, y r\u00e1pida y eficaz en el pedaleo, con un \u00e1ngulo de direcci\u00f3n lanzado, vainas cortas y un tubo de superior m\u00e1s largo, aportando confianza para hacer descensos t\u00e9cnicos y complicados.<\/p>\n","protected":false},"featured_media":1696,"comment_status":"open","ping_status":"closed","template":"","meta":[],"product_cat":[58,39],"product_tag":[],"class_list":{"0":"post-1710","1":"product","2":"type-product","3":"status-publish","4":"has-post-thumbnail","6":"product_cat-bicicletas","7":"product_cat-montana","9":"first","10":"instock","11":"featured","12":"shipping-taxable","13":"purchasable","14":"product-type-simple"},"_links":{"self":[{"href":"https:\/\/xtremebike.com.do\/index.php?rest_route=\/wp\/v2\/product\/1710","targetHints":{"allow":["GET"]}}],"collection":[{"href":"https:\/\/xtremebike.com.do\/index.php?rest_route=\/wp\/v2\/product"}],"about":[{"href":"https:\/\/xtremebike.com.do\/index.php?rest_route=\/wp\/v2\/types\/product"}],"replies":[{"embeddable":true,"href":"https:\/\/xtremebike.com.do\/index.php?rest_route=%2Fwp%2Fv2%2Fcomments&post=1710"}],"wp:featuredmedia":[{"embeddable":true,"href":"https:\/\/xtremebike.com.do\/index.php?rest_route=\/wp\/v2\/media\/1696"}],"wp:attachment":[{"href":"https:\/\/xtremebike.com.do\/index.php?rest_route=%2Fwp%2Fv2%2Fmedia&parent=1710"}],"wp:term":[{"taxonomy":"product_cat","embeddable":true,"href":"https:\/\/xtremebike.com.do\/index.php?rest_route=%2Fwp%2Fv2%2Fproduct_cat&post=1710"},{"taxonomy":"product_tag","embeddable":true,"href":"https:\/\/xtremebike.com.do\/index.php?rest_route=%2Fwp%2Fv2%2Fproduct_tag&post=1710"}],"curies":[{"name":"wp","href":"https:\/\/api.w.org\/{rel}","templated":true}]}}