{"id":1713,"date":"2024-03-26T15:31:28","date_gmt":"2024-03-26T15:31:28","guid":{"rendered":"https:\/\/xtremebike.com.do\/?post_type=product&#038;p=1713"},"modified":"2024-03-26T20:07:41","modified_gmt":"2024-03-26T20:07:41","slug":"bh-lynx-race-6-0","status":"publish","type":"product","link":"https:\/\/xtremebike.com.do\/?product=bh-lynx-race-6-0","title":{"rendered":"BH LYNX RACE 6.0"},"content":{"rendered":"<div class=\"page\" title=\"Page 2\">\n<div class=\"section\">\n<div class=\"layoutArea\">\n<div class=\"column\">\n<p>\u2022 Cuadro Carbon<\/p>\n<p>\u2022 Frenos de discos hidraulicos Shimano<\/p>\n<p>\u2022 Suspensi\u00f3n Delantera Fox 32<\/p>\n<p>\u2022 Suspensi\u00f3n Fox Float<\/p>\n<p>\u2022 Transmisi\u00f3n Shimano Deore XT 1&#215;12 SPD<\/p>\n<\/div>\n<\/div>\n<\/div>\n<\/div>\n","protected":false},"excerpt":{"rendered":"<p>THE NO 1. BIKE R\u00e1pida, ligera, con una rigidez m\u00e1xima.<\/p>\n<p>Y con el factor diferencial del Split Pivot que nos permite ajustar el funcionamiento de la suspensi\u00f3n al margen de las fuerzas de frenada o pedaleo. Para que la suspensi\u00f3n siga dibujando el terreno en cualquier situaci\u00f3n.<\/p>\n","protected":false},"featured_media":1699,"comment_status":"open","ping_status":"closed","template":"","meta":[],"product_cat":[58,39],"product_tag":[],"class_list":{"0":"post-1713","1":"product","2":"type-product","3":"status-publish","4":"has-post-thumbnail","6":"product_cat-bicicletas","7":"product_cat-montana","9":"first","10":"instock","11":"featured","12":"shipping-taxable","13":"purchasable","14":"product-type-simple"},"_links":{"self":[{"href":"https:\/\/xtremebike.com.do\/index.php?rest_route=\/wp\/v2\/product\/1713","targetHints":{"allow":["GET"]}}],"collection":[{"href":"https:\/\/xtremebike.com.do\/index.php?rest_route=\/wp\/v2\/product"}],"about":[{"href":"https:\/\/xtremebike.com.do\/index.php?rest_route=\/wp\/v2\/types\/product"}],"replies":[{"embeddable":true,"href":"https:\/\/xtremebike.com.do\/index.php?rest_route=%2Fwp%2Fv2%2Fcomments&post=1713"}],"wp:featuredmedia":[{"embeddable":true,"href":"https:\/\/xtremebike.com.do\/index.php?rest_route=\/wp\/v2\/media\/1699"}],"wp:attachment":[{"href":"https:\/\/xtremebike.com.do\/index.php?rest_route=%2Fwp%2Fv2%2Fmedia&parent=1713"}],"wp:term":[{"taxonomy":"product_cat","embeddable":true,"href":"https:\/\/xtremebike.com.do\/index.php?rest_route=%2Fwp%2Fv2%2Fproduct_cat&post=1713"},{"taxonomy":"product_tag","embeddable":true,"href":"https:\/\/xtremebike.com.do\/index.php?rest_route=%2Fwp%2Fv2%2Fproduct_tag&post=1713"}],"curies":[{"name":"wp","href":"https:\/\/api.w.org\/{rel}","templated":true}]}}