{"id":2337,"date":"2024-08-26T15:32:40","date_gmt":"2024-08-26T15:32:40","guid":{"rendered":"https:\/\/xtremebike.com.do\/?post_type=product&#038;p=2337"},"modified":"2024-08-27T13:01:53","modified_gmt":"2024-08-27T13:01:53","slug":"ts-street-hunter","status":"publish","type":"product","link":"https:\/\/xtremebike.com.do\/?product=ts-street-hunter","title":{"rendered":"TS Street Hunter"},"content":{"rendered":"<ul>\n<li><strong>Bater\u00eda:<\/strong> Bater\u00eda de Litio Removible, 60V\/26Ah o 60V\/30Ah<\/li>\n<li><strong>Motor:<\/strong> Bosch, 4100W<\/li>\n<li><strong>Velocidad M\u00e1xima:<\/strong> 85 km\/h<\/li>\n<li><strong>Autonom\u00eda:<\/strong> 100 km (opcional con 2 bater\u00edas)<\/li>\n<li><strong>Suspensi\u00f3n:<\/strong> Hidr\u00e1ulica en la parte delantera y trasera<\/li>\n<li><strong>Frenos:<\/strong> Disco delantero (220mm) y trasero<\/li>\n<li><strong>Neum\u00e1ticos:<\/strong> Delantero: 70\/100-17, Trasero: 100\/70-17<\/li>\n<\/ul>\n","protected":false},"excerpt":{"rendered":"<p><strong>MOTO EL\u00c9CTRICA POTENTE Y EFICIENTE<\/strong><br \/>\nUna moto el\u00e9ctrica r\u00e1pida y ligera con una gran autonom\u00eda. Perfecta para moverte por la ciudad con facilidad y estilo.<\/p>\n","protected":false},"featured_media":2339,"comment_status":"open","ping_status":"closed","template":"","meta":[],"product_cat":[72],"product_tag":[],"class_list":{"0":"post-2337","1":"product","2":"type-product","3":"status-publish","4":"has-post-thumbnail","6":"product_cat-motos-electricas","8":"first","9":"instock","10":"shipping-taxable","11":"product-type-simple"},"_links":{"self":[{"href":"https:\/\/xtremebike.com.do\/index.php?rest_route=\/wp\/v2\/product\/2337","targetHints":{"allow":["GET"]}}],"collection":[{"href":"https:\/\/xtremebike.com.do\/index.php?rest_route=\/wp\/v2\/product"}],"about":[{"href":"https:\/\/xtremebike.com.do\/index.php?rest_route=\/wp\/v2\/types\/product"}],"replies":[{"embeddable":true,"href":"https:\/\/xtremebike.com.do\/index.php?rest_route=%2Fwp%2Fv2%2Fcomments&post=2337"}],"wp:featuredmedia":[{"embeddable":true,"href":"https:\/\/xtremebike.com.do\/index.php?rest_route=\/wp\/v2\/media\/2339"}],"wp:attachment":[{"href":"https:\/\/xtremebike.com.do\/index.php?rest_route=%2Fwp%2Fv2%2Fmedia&parent=2337"}],"wp:term":[{"taxonomy":"product_cat","embeddable":true,"href":"https:\/\/xtremebike.com.do\/index.php?rest_route=%2Fwp%2Fv2%2Fproduct_cat&post=2337"},{"taxonomy":"product_tag","embeddable":true,"href":"https:\/\/xtremebike.com.do\/index.php?rest_route=%2Fwp%2Fv2%2Fproduct_tag&post=2337"}],"curies":[{"name":"wp","href":"https:\/\/api.w.org\/{rel}","templated":true}]}}